{"id":244,"date":"2021-06-24T14:39:35","date_gmt":"2021-06-24T14:39:35","guid":{"rendered":"https:\/\/coffeeassoc.com\/?page_id=244"},"modified":"2021-06-24T14:39:36","modified_gmt":"2021-06-24T14:39:36","slug":"les-troubles-neurodegeneratifs","status":"publish","type":"page","link":"https:\/\/coffeeassoc.com\/fr\/le-cafe-et-la-sante\/les-troubles-neurodegeneratifs\/","title":{"rendered":"Troubles neurod\u00e9g\u00e9n\u00e9ratifs"},"content":{"rendered":"","protected":false},"excerpt":{"rendered":"","protected":false},"author":1,"featured_media":0,"parent":221,"menu_order":0,"comment_status":"closed","ping_status":"closed","template":"","meta":{"_acf_changed":false,"inline_featured_image":false,"ngg_post_thumbnail":0,"footnotes":""},"class_list":["post-244","page","type-page","status-publish","hentry"],"acf":[],"_links":{"self":[{"href":"https:\/\/coffeeassoc.com\/fr\/wp-json\/wp\/v2\/pages\/244","targetHints":{"allow":["GET"]}}],"collection":[{"href":"https:\/\/coffeeassoc.com\/fr\/wp-json\/wp\/v2\/pages"}],"about":[{"href":"https:\/\/coffeeassoc.com\/fr\/wp-json\/wp\/v2\/types\/page"}],"author":[{"embeddable":true,"href":"https:\/\/coffeeassoc.com\/fr\/wp-json\/wp\/v2\/users\/1"}],"replies":[{"embeddable":true,"href":"https:\/\/coffeeassoc.com\/fr\/wp-json\/wp\/v2\/comments?post=244"}],"version-history":[{"count":0,"href":"https:\/\/coffeeassoc.com\/fr\/wp-json\/wp\/v2\/pages\/244\/revisions"}],"up":[{"embeddable":true,"href":"https:\/\/coffeeassoc.com\/fr\/wp-json\/wp\/v2\/pages\/221"}],"wp:attachment":[{"href":"https:\/\/coffeeassoc.com\/fr\/wp-json\/wp\/v2\/media?parent=244"}],"curies":[{"name":"wp","href":"https:\/\/api.w.org\/{rel}","templated":true}]}}