{"id":6039,"date":"2024-05-02T14:21:10","date_gmt":"2024-05-02T18:21:10","guid":{"rendered":"https:\/\/coffeeassoc.com\/?page_id=6039"},"modified":"2024-05-06T17:27:12","modified_gmt":"2024-05-06T21:27:12","slug":"demande-dadhesion","status":"publish","type":"page","link":"https:\/\/coffeeassoc.com\/fr\/demande-dadhesion\/","title":{"rendered":"Demande d'adh\u00e9sion"},"content":{"rendered":"<p>Veuillez compl\u00e9ter et soumettre votre demande d'adh\u00e9sion \u00e0 l'ACC.<\/p>\n\n\n  <div class=\"mc-member-renew-container mc-form-container\" id=\"mc-member-renew-container\">\n    <div class=\"moneris-checkout-error hidden\" id=\"mcr-error\"><\/div>\n        <div class=\"mc-tab-content\">\n      <p class=\"mc-renew-date\">Date: 2026-04-12<\/p>\n      <form id=\"mc-member-renew\" action=\"\">\n        <div id=\"mc-form-content\">    <input type=\"hidden\" name=\"type\" id=\"type\" value=\"new\">\n  <div class=\"mcin required\">\n    <label class=\"required\" for=\"company-name\">Nom de l'entreprise<\/label>\n    <input required type=\"text\" id=\"company-name\" name=\"company-name\" autocomplete=\"organization\">\n  <\/div>\n  <div class=\"mcin required\">\n    <label for=\"street-address\">Adresse (rue)<\/label>\n    <input type=\"text\" required id=\"street-address\" name=\"street-address\" autocomplete=\"street-address\">\n  <\/div>\n  <div class=\"input-row\">\n    <div class=\"mcin input-col required\">\n      <label for=\"city\">Ville<\/label>\n      <input type=\"text\" required id=\"city\" name=\"city\" autocomplete=\"address-level2\">\n    <\/div>\n    <div class=\"mcin input-col required\">\n      <label for=\"province\">Prov\/\u00c9tat<\/label>\n      <input type=\"text\" required id=\"province\" name=\"province\" autocomplete=\"address-level1\">\n    <\/div>\n    <div class=\"mcin input-col required\">\n      <label for=\"postcode\">Code postal<\/label>\n      <input type=\"text\" required id=\"postcode\" name=\"postcode\" autocomplete=\"postal-code\">\n    <\/div>\n  <\/div>\n  <div class=\"input-row\">\n    <div class=\"mcin input-col required\">\n      <label for=\"tel\">T\u00e9l\u00e9phone g\u00e9n\u00e9ral<\/label>\n      <input required type=\"tel\" id=\"tel\" name=\"tel\" autocomplete=\"tel\">\n    <\/div>\n    <div class=\"mcin input-col required\">\n      <label for=\"email\">Courriel g\u00e9n\u00e9ral<\/label>\n      <input required type=\"email\" id=\"email\" name=\"email\" autocomplete=\"email\">\n    <\/div>\n    <div class=\"mcin input-col required\">\n      <label for=\"website\">Site Web<\/label>\n      <input required type=\"text\" id=\"website\" name=\"website\" autocomplete=\"url\">\n    <\/div>\n  <\/div>\n  <div class=\"input-row\">\n    <div class=\"mcin input-col required\">\n      <label for=\"finance-contact\">Courriel de la personne charg\u00e9e des finances<\/label>\n      <input required type=\"text\" id=\"finance-contact\" name=\"finance-contact\">\n    <\/div>\n    <div class=\"mcin input-col required\">\n      <label for=\"finance-email\">D\u00e9partement des finances Courriel<\/label>\n      <input required type=\"email\" id=\"finance-email\" name=\"finance-email\">\n    <\/div>\n  <\/div>\n  <div class=\"input-row\">\n    <div class=\"input-col mcin required\">\n      <label for=\"rep-fn\">Pr\u00e9nom du repr\u00e9sentant<\/label>\n      <input required type=\"text\" id=\"rep-fn\" name=\"rep-fn\" autocomplete=\"given-name\">\n    <\/div>\n    <div class=\"input-col mcin required\">\n      <label for=\"rep-fn\">Nom de famille<\/label>\n      <input required type=\"text\" id=\"rep-ln\" name=\"rep-ln\" autocomplete=\"family-name\">\n    <\/div>\n    <div class=\"input-col mcin required\">\n      <label for=\"rep-title\">Titre<\/label>\n      <input required type=\"text\" id=\"rep-title\" name=\"rep-title\" autocomplete=\"organization-title\">\n    <\/div>\n  <\/div>\n  <div class=\"input-row\">\n    <div class=\"input-col mcin required\">\n      <label for=\"rep-tel\">T\u00e9l\u00e9phone direct<\/label>\n      <input required type=\"tel\" id=\"rep-tel\" name=\"rep-tel\" autocomplete=\"tel\">\n    <\/div>\n    <div class=\"input-col mcin required\">\n      <label for=\"rep-email\">Courriel direct<\/label>\n      <input required type=\"email\" id=\"rep-email\" name=\"rep-email\" autocomplete=\"email\">\n    <\/div>\n  <\/div>\n  <div class=\"mcin required\">\n    <label for=\"tms\">Principales marques\/services\/produits<\/label>\n    <input type=\"text\" required id=\"tms\" name=\"tms\">\n  <\/div>\n  <div class=\"input-row\">\n    <div class=\"mcin input-col required\">\n      <label for=\"locations\">Sites (#)<\/label>\n      <input type=\"number\" required id=\"locations\" name=\"locations\">\n    <\/div>\n    <div class=\"mcin input-col required\">\n      <label for=\"employees\">Salari\u00e9s (#)<\/label>\n      <input type=\"number\" required id=\"employees\" name=\"employees\">\n    <\/div>\n  <\/div>\n      <fieldset class=\"mcin required\">\n      <legend>Sous-cat\u00e9gorie d'adh\u00e9sion<\/legend>\n      <div>\n        <input required type=\"radio\" name=\"subcategory\" value=\"roaster\" id=\"roaster\" checked>\n        <label for=\"roaster\">R\u00f4tissoire<\/label>\n        <p><strong>Am\u00e9rique du Nord<\/strong> - Une entreprise engag\u00e9e dans le m\u00e9lange, la torr\u00e9faction, l'emballage et la distribution de caf\u00e9 avec une empreinte \u00e0 grande \u00e9chelle \u00e0 travers l'Am\u00e9rique du Nord, fournissant des march\u00e9s nationaux ou multinationaux.\n          \u00e0 grande \u00e9chelle en Am\u00e9rique du Nord, approvisionnant des march\u00e9s nationaux ou multinationaux.<br \/>\n          Cette cat\u00e9gorie est destin\u00e9e aux torr\u00e9facteurs disposant d'une grande capacit\u00e9 de production, de vastes r\u00e9seaux de distribution et d'une pr\u00e9sence significative sur le march\u00e9 du caf\u00e9 en Am\u00e9rique du Nord.\n          de distribution et une pr\u00e9sence significative sur le march\u00e9 nord-am\u00e9ricain du caf\u00e9.<\/p>\n        <p><strong>Nationales<\/strong> - Une entreprise de torr\u00e9faction de caf\u00e9 op\u00e9rant \u00e0 l'\u00e9chelle nationale au Canada, approvisionnant plusieurs r\u00e9gions et canaux, y compris la vente en gros, la vente au d\u00e9tail, la restauration ou la vente directe au consommateur.\n          r\u00e9gions et canaux, y compris la vente en gros, la vente au d\u00e9tail, la restauration ou la vente directe au consommateur.<br \/>\n          Cette cat\u00e9gorie s'applique aux torr\u00e9facteurs \u00e9tablis dont le volume et la port\u00e9e nationale sont importants, mais dont l'empreinte se situe \u00e0 l'int\u00e9rieur du Canada.\n          une empreinte au Canada.<\/p>\n        <p><strong>R\u00e9gionale<\/strong> - Entreprise de torr\u00e9faction de caf\u00e9 desservant principalement des provinces ou des r\u00e9gions sp\u00e9cifiques du Canada.<br \/>\n          Cette cat\u00e9gorie s'adresse aux torr\u00e9facteurs dont le volume de production est mod\u00e9r\u00e9 et dont la distribution est r\u00e9gionale.\n          distribution r\u00e9gionale, y compris les activit\u00e9s de vente en gros, de services alimentaires ou de vente au d\u00e9tail au Canada.<\/p>\n        <p><strong>Micro (1-10 lieux)<\/strong> - Un torr\u00e9facteur \u00e0 petite \u00e9chelle qui exploite entre un et dix sites, y compris des caf\u00e9s,\n          des torr\u00e9factions ou des op\u00e9rations combin\u00e9es de torr\u00e9faction et de vente au d\u00e9tail.<br \/>\n          Cette cat\u00e9gorie est destin\u00e9e aux torr\u00e9facteurs ind\u00e9pendants et \u00e9mergents dont l'activit\u00e9 est localis\u00e9e\n          locales, ax\u00e9es sur des volumes de production limit\u00e9s.<\/p>\n      <\/div>\n      <div>\n        <input required type=\"radio\" name=\"subcategory\" value=\"retail\" id=\"foodservice\">\n        <label for=\"foodservice\">Vente au d\u00e9tail<\/label>\n        <p><strong>Am\u00e9rique du Nord<\/strong> - Entreprise qui exploite des caf\u00e9s de d\u00e9tail dans toute l'Am\u00e9rique du Nord et qui vend du caf\u00e9 directement aux consommateurs par l'interm\u00e9diaire d'un vaste r\u00e9seau de caf\u00e9s appartenant \u00e0 la soci\u00e9t\u00e9 ou franchis\u00e9s.\n          au consommateur par l'interm\u00e9diaire d'un vaste r\u00e9seau d'\u00e9tablissements appartenant \u00e0 l'entreprise ou franchis\u00e9s.<br \/>\n          Cette cat\u00e9gorie s'applique aux grandes enseignes de la distribution qui disposent d'une large couverture g\u00e9ographique.<\/p>\n        <p><strong>25 unit\u00e9s et plus<\/strong> - Entreprise de vente de caf\u00e9 au d\u00e9tail qui exploite au moins 25 points de vente au Canada et qui vend directement du caf\u00e9 aux consommateurs.\n          directement aux consommateurs.<br \/>\n          Cela inclut les cha\u00eenes r\u00e9gionales ou nationales qui n'atteignent pas le seuil de la cat\u00e9gorie Am\u00e9rique du Nord.\n          nord-am\u00e9ricaine.<\/p>\n        <p><strong>25 unit\u00e9s et moins<\/strong> - Une entreprise de vente au d\u00e9tail de caf\u00e9 qui exploite 25 emplacements ou moins au Canada, y compris les caf\u00e9s ind\u00e9pendants et les petits exploitants \u00e0 emplacements multiples qui vendent du caf\u00e9 directement aux consommateurs.\n          les caf\u00e9s ind\u00e9pendants et les petits exploitants de plusieurs \u00e9tablissements qui vendent du caf\u00e9 directement aux consommateurs.<\/p>\n      <\/div>\n      <div>\n        <input required type=\"radio\" name=\"subcategory\" value=\"grocery-convenience-gas\" id=\"grocery\">\n        <label for=\"grocery\">\u00c9picerie \/ D\u00e9panneurs \/ Gaz<\/label>\n        <p>Une entreprise qui vend du caf\u00e9 dans une autre entreprise, y compris, mais sans s'y limiter, les \u00e9piceries,\n          les d\u00e9panneurs et les stations-service. Les offres de marques priv\u00e9es ou de marques d\u00e9pos\u00e9es \/\n          concepts de marque priv\u00e9e ou de marque, tels que d\u00e9termin\u00e9s par le conseil d'administration.<br \/>\n          Cette cat\u00e9gorie s'applique aux d\u00e9taillants dont le canal principal n'est pas le caf\u00e9, mais dont l'activit\u00e9 est ax\u00e9e sur la promotion du caf\u00e9 vendu dans les \u00e9piceries ou les magasins de proximit\u00e9.\n          est ax\u00e9e sur la promotion du caf\u00e9 vendu dans les magasins d'alimentation ou les magasins de proximit\u00e9.<\/p>\n      <\/div>\n      <div>\n        <input required type=\"radio\" name=\"subcategory\" value=\"importer-broker\" id=\"importer-broker\">\n        <label for=\"importer-broker\">Importateur \/ Courtier<\/label>\n        <p>Une entreprise engag\u00e9e dans l'importation, le courtage ou le commerce de caf\u00e9 vert pour l'approvisionnement des torr\u00e9facteurs, des fabricants ou des distributeurs canadiens, tel que d\u00e9termin\u00e9 par la Commission.\n          torr\u00e9facteurs, fabricants ou distributeurs canadiens, selon la d\u00e9cision de la Commission.<\/p>\n      <\/div>\n      <div>\n        <input required type=\"radio\" name=\"subcategory\" value=\"office-coffee-allied\" id=\"allied\">\n        <label for=\"allied\">Caf\u00e9 de bureau \/ Alli\u00e9<\/label>\n        <p>Une entreprise qui fournit du caf\u00e9, du mat\u00e9riel, des produits ou des services \u00e0 des bureaux, des lieux de travail,\n          des institutions ou des secteurs connexes de l'industrie du caf\u00e9.<br \/>\n          Cela comprend les fournisseurs de services de caf\u00e9 sur le lieu de travail, les fournisseurs d'\u00e9quipement\n          d'emballage, les prestataires de services logistiques et d'autres entreprises li\u00e9es au commerce du caf\u00e9 au Canada.<\/p>\n      <\/div>\n      <div>\n        <input required type=\"radio\" name=\"subcategory\" value=\"grower-producer-association\" id=\"grower-exporter-producer\">\n        <label for=\"grower-exporter-producer\">Cultivateur \/ Producteur \/ Association<\/label>\n        <p>Les caf\u00e9iculteurs, les producteurs, les exportateurs, les organisations de pays producteurs ou les associations industrielles\n          impliqu\u00e9s dans la production et l'exportation de caf\u00e9 vert, tel que d\u00e9termin\u00e9 par le Conseil.<\/p>\n      <\/div>\n      <div>\n                  <p> <strong>Si vous \u00eates une organisation \u00e0 but non lucratif, veuillez <a href=\"\/fr\/nous-contacter\/\">contacter notre bureau<\/a>.<\/strong>\n          <\/p>\n              <\/div>\n    <\/fieldset>\n    <h5 class=\"fee-notes-h\">Notes sur le bar\u00e8me des droits :<\/h5>\n  <p class=\"fee-notes\">\n    Le facteur d'\u00e9quivalence 3-1 est utilis\u00e9 pour les produits solubles en R&amp;G.<br>\n    Pour savoir \u00e0 quelle cat\u00e9gorie de tarifs appartient votre organisation, veuillez <a href=\"https:\/\/coffeeassoc.com\/wp-content\/plugins\/moneris-checkout-plugin\/php\/assets\/2026-Membership-Fee-Schedule.pdf\" download>t\u00e9l\u00e9charger la grille tarifaire<\/a>.\n  <\/p>\n  <div class=\"mcin required\">\n    <label for=\"fee\">Bar\u00e8me des droits Cat\u00e9gorie<\/label>\n    <select name=\"fee\" id=\"fee\" class=\"mc-select\" required>\n      <option disabled selected value=\"\">Veuillez s\u00e9lectionner la cat\u00e9gorie du bar\u00e8me d'honoraires<\/option>\n                <optgroup label=\"Roaster\">\n                          <option data-index=\"Roaster::0\" value=\"30000\">Am\u00e9rique du Nord<\/option>\n                          <option data-index=\"Roaster::1\" value=\"15000\">Nationales<\/option>\n                          <option data-index=\"Roaster::2\" value=\"7500\">R\u00e9gionale<\/option>\n                          <option data-index=\"Roaster::3\" value=\"2500\">Micro (1-10 lieux)<\/option>\n                      <\/optgroup>\n                <optgroup label=\"Retail\">\n                          <option data-index=\"Retail::0\" value=\"20000\">Am\u00e9rique du Nord<\/option>\n                          <option data-index=\"Retail::1\" value=\"10000\">25 unit\u00e9s et plus<\/option>\n                          <option data-index=\"Retail::2\" value=\"2500\">25 unit\u00e9s et moins<\/option>\n                      <\/optgroup>\n                <option data-index=\"Grocery \/ Convenience \/ Gas\" value=\"2500\">\u00c9picerie \/ D\u00e9panneurs \/ Gaz<\/option>\n                  <option data-index=\"Importer \/ Broker\" value=\"5000\">Importateur \/ Courtier<\/option>\n                  <option data-index=\"Office Coffee \/ Allied\" value=\"2500\">Caf\u00e9 de bureau \/ Alli\u00e9<\/option>\n                  <option data-index=\"Grower \/ Producer \/ Association\" value=\"1000\">Cultivateur \/ Producteur \/ Association<\/option>\n            <\/select>\n  <\/div>\n      <div id=\"new-member-survey\">\n      <h5>Enqu\u00eate sur les nouveaux membres :<\/h5>\n              <div class=\"mcin required\">\n          <label class=\"required\" for=\"please-describe-your-company-its-main-activities-related-to-the-coffee-sector-and-where-you-sit-in-the-coffee-value-chain\">Veuillez d\u00e9crire votre entreprise, ses principales activit\u00e9s li\u00e9es au secteur du caf\u00e9 et votre position dans la cha\u00eene de valeur du caf\u00e9.<\/label>\n          <input type=\"hidden\" value=\"Please describe your company, its main activities related to the coffee sector, and where you sit in the coffee value chain.\" name=\"survey[0][question]\">\n          <input type=\"text\" required id=\"please-describe-your-company-its-main-activities-related-to-the-coffee-sector-and-where-you-sit-in-the-coffee-value-chain\" name=\"survey[0][response]\" data-question=\"Please describe your company, its main activities related to the coffee sector, and where you sit in the coffee value chain.\">\n        <\/div>\n              <div class=\"mcin required\">\n          <label class=\"required\" for=\"how-long-has-your-organization-been-operating-and-where-are-your-business-activities-located\">Depuis combien de temps votre organisation existe-t-elle et o\u00f9 se situent vos activit\u00e9s commerciales ?<\/label>\n          <input type=\"hidden\" value=\"How long has your organization been operating, and where are your business activities located?\" name=\"survey[1][question]\">\n          <input type=\"text\" required id=\"how-long-has-your-organization-been-operating-and-where-are-your-business-activities-located\" name=\"survey[1][response]\" data-question=\"How long has your organization been operating, and where are your business activities located?\">\n        <\/div>\n              <div class=\"mcin required\">\n          <label class=\"required\" for=\"why-do-you-want-to-join-the-coffee-association-of-canada-at-this-time\">Pourquoi voulez-vous adh\u00e9rer \u00e0 l'Association du caf\u00e9 du Canada \u00e0 ce moment-ci ?<\/label>\n          <input type=\"hidden\" value=\"Why do you want to join the Coffee Association of Canada at this time?\" name=\"survey[2][question]\">\n          <input type=\"text\" required id=\"why-do-you-want-to-join-the-coffee-association-of-canada-at-this-time\" name=\"survey[2][response]\" data-question=\"Why do you want to join the Coffee Association of Canada at this time?\">\n        <\/div>\n              <div class=\"mcin required\">\n          <label class=\"required\" for=\"what-value-do-you-believe-your-organization-can-contribute-to-the-association-and-the-broader-canadian-coffee-community\">Quelle valeur pensez-vous que votre organisation peut apporter \u00e0 l'association et \u00e0 l'ensemble de la communaut\u00e9 du caf\u00e9 canadien ?<\/label>\n          <input type=\"hidden\" value=\"What value do you believe your organization can contribute to the association and the broader Canadian coffee community?\" name=\"survey[3][question]\">\n          <input type=\"text\" required id=\"what-value-do-you-believe-your-organization-can-contribute-to-the-association-and-the-broader-canadian-coffee-community\" name=\"survey[3][response]\" data-question=\"What value do you believe your organization can contribute to the association and the broader Canadian coffee community?\">\n        <\/div>\n              <div class=\"mcin required\">\n          <label class=\"required\" for=\"please-provide-any-website-social-media-links-or-documents-that-help-us-verify-your-business\">Veuillez fournir tout site web, lien de m\u00e9dia social ou document qui nous aide \u00e0 v\u00e9rifier votre entreprise.<\/label>\n          <input type=\"hidden\" value=\"Please provide any website, social media links, or documents that help us verify your business.\" name=\"survey[4][question]\">\n          <input type=\"text\" required id=\"please-provide-any-website-social-media-links-or-documents-that-help-us-verify-your-business\" name=\"survey[4][response]\" data-question=\"Please provide any website, social media links, or documents that help us verify your business.\">\n        <\/div>\n              <div class=\"mcin required\">\n          <label class=\"required\" for=\"would-your-company-or-team-members-be-interested-in-participating-in-committees-working-groups-or-leadership-development-opportunities-offered-by-the-association\">Les membres de votre entreprise ou de votre \u00e9quipe seraient-ils int\u00e9ress\u00e9s par une participation \u00e0 des comit\u00e9s, des groupes de travail ou des opportunit\u00e9s de d\u00e9veloppement du leadership offertes par l'association ?<\/label>\n          <input type=\"hidden\" value=\"Would your company or team members be interested in participating in committees, working groups, or leadership development opportunities offered by the association?\" name=\"survey[5][question]\">\n          <input type=\"text\" required id=\"would-your-company-or-team-members-be-interested-in-participating-in-committees-working-groups-or-leadership-development-opportunities-offered-by-the-association\" name=\"survey[5][response]\" data-question=\"Would your company or team members be interested in participating in committees, working groups, or leadership development opportunities offered by the association?\">\n        <\/div>\n          <\/div>\n    <div class=\"computed subtotal\">\n    <span>Sous-total : <\/span>\n    <span id=\"mcr-subtotal\">$0.00<\/span>\n  <\/div>\n  <div class=\"computed hst\">\n    <span>TVH \u00e0 13 % (BN #12799 4374 RT0001) : <\/span>\n    <span id=\"mcr-hst\">$0.00<\/span>\n  <\/div>\n  <div class=\"computed total\">\n    <span>Total : <\/span>\n    <span id=\"mcr-total\">$0.00<\/span>\n  <\/div>\n  <p>S'il vous pla\u00eet <a href=\"https:\/\/coffeeassoc.com\/wp-content\/plugins\/moneris-checkout-plugin\/php\/assets\/Consolidated-CAC-by-law-2025-07-16.pdf\" target=\"_blank\">consulter notre r\u00e8glement int\u00e9rieur<\/a> avant de soumettre votre demande.<\/p>\n  <div class=\"mcin required\">\n    <input required type=\"checkbox\" value=\"checked\" name=\"bylaws\" id=\"bylaws\" \/>\n    <label for=\"bylaws\">J'ai lu et j'accepte le r\u00e8glement int\u00e9rieur du CCC.<\/label>\n  <\/div>\n      <p>\n      Une fois votre demande approuv\u00e9e, vous serez contact\u00e9 pour effectuer le paiement.\n      Les paiements inf\u00e9rieurs \u00e0 $15 000 peuvent \u00eatre effectu\u00e9s par carte de cr\u00e9dit, et les paiements sup\u00e9rieurs \u00e0 $15 000\n      peuvent \u00eatre effectu\u00e9s par EFT, E-Transfer ou par ch\u00e8que.\n    <\/p>\n  \t\t<div id=\"cf-turnstile-2263690353\"\r\n\t\tclass=\"cf-turnstile\" data-callback=\"\"\t\tdata-sitekey=\"0x4AAAAAABlfusJIB8o60b2i\"\r\n\t\tdata-theme=\"light\"\r\n\t\tdata-language=\"auto\"\r\n\t\tdata-size=\"normal\"\r\n\t\tdata-retry=\"auto\" data-retry-interval=\"1000\"\r\n\t\tdata-refresh-expired=\"auto\"\r\n\t\tdata-action=\"mc-renewal\"\r\n\t\t\t\tdata-appearance=\"interaction-only\"><\/div>\r\n\t\t\t<script>document.addEventListener(\"DOMContentLoaded\", function() { setTimeout(function(){ var e=document.getElementById(\"cf-turnstile-2263690353\"); e&&!e.innerHTML.trim()&&(turnstile.remove(\"#cf-turnstile-2263690353\"), turnstile.render(\"#cf-turnstile-2263690353\", {sitekey:\"0x4AAAAAABlfusJIB8o60b2i\"})); }, 100); });<\/script>\r\n\t\t\t<style>#cf-turnstile-2263690353 iframe { margin-bottom: 15px; }<\/style>\r\n\t\t\t\t<style>#cf-turnstile-2263690353 { margin-left: -15px; }<\/style>\r\n\t\t<\/div>\n        <button type=\"submit\" class=\"mc-button\">Soumettre<\/button>\n      <input type=\"hidden\" name=\"trp-form-language\" value=\"fr\"\/><\/form>\n    <\/div>\n    <div id=\"monerisCheckout\"><\/div>\n  <\/div>","protected":false},"excerpt":{"rendered":"<p>Veuillez compl\u00e9ter et soumettre votre demande d'adh\u00e9sion \u00e0 l'ACC.<\/p>","protected":false},"author":4,"featured_media":0,"parent":0,"menu_order":0,"comment_status":"closed","ping_status":"closed","template":"","meta":{"_acf_changed":false,"inline_featured_image":false,"ngg_post_thumbnail":0,"footnotes":""},"class_list":["post-6039","page","type-page","status-publish","hentry"],"acf":[],"_links":{"self":[{"href":"https:\/\/coffeeassoc.com\/fr\/wp-json\/wp\/v2\/pages\/6039","targetHints":{"allow":["GET"]}}],"collection":[{"href":"https:\/\/coffeeassoc.com\/fr\/wp-json\/wp\/v2\/pages"}],"about":[{"href":"https:\/\/coffeeassoc.com\/fr\/wp-json\/wp\/v2\/types\/page"}],"author":[{"embeddable":true,"href":"https:\/\/coffeeassoc.com\/fr\/wp-json\/wp\/v2\/users\/4"}],"replies":[{"embeddable":true,"href":"https:\/\/coffeeassoc.com\/fr\/wp-json\/wp\/v2\/comments?post=6039"}],"version-history":[{"count":2,"href":"https:\/\/coffeeassoc.com\/fr\/wp-json\/wp\/v2\/pages\/6039\/revisions"}],"predecessor-version":[{"id":6044,"href":"https:\/\/coffeeassoc.com\/fr\/wp-json\/wp\/v2\/pages\/6039\/revisions\/6044"}],"wp:attachment":[{"href":"https:\/\/coffeeassoc.com\/fr\/wp-json\/wp\/v2\/media?parent=6039"}],"curies":[{"name":"wp","href":"https:\/\/api.w.org\/{rel}","templated":true}]}}