{"id":6333,"date":"2024-11-29T14:46:47","date_gmt":"2024-11-29T19:46:47","guid":{"rendered":"https:\/\/coffeeassoc.com\/?page_id=6333"},"modified":"2024-11-29T14:46:48","modified_gmt":"2024-11-29T19:46:48","slug":"voir-le-contenu","status":"publish","type":"page","link":"https:\/\/coffeeassoc.com\/fr\/voir-le-contenu\/","title":{"rendered":"Voir le contenu"},"content":{"rendered":"<div class=\"mc-form-container\" id=\"mc-content-viewer-container\">\n    <div class=\"moneris-checkout-error hidden\" id=\"mcs-error\"><\/div>\n    <div class=\"mc-tab-content\">\n      <form id=\"mc-content-view\" action=\"\">\n        <div id=\"mc-form-content\">\n          <div class=\"mcin required\">\n            <label for=\"mc-email\">Veuillez saisir l'adresse \u00e9lectronique utilis\u00e9e lors de l'achat de l'enregistrement ou l'adresse \u00e9lectronique figurant sur votre billet :<\/label>\n            <input type=\"email\" id=\"mc-email\" required>\n          <\/div>\n        <\/div>\n        <button type=\"submit\" class=\"mc-button\">Confirmer<\/button>\n      <input type=\"hidden\" name=\"trp-form-language\" value=\"fr\"\/><\/form>\n    <\/div>\n  <\/div>\n  <script>\n    ! function(){ var e=document.getElementById(\"mc-content-view\"), n=document.getElementById(\"mc-content-viewer-container\"), t=document.getElementById(\"mcs-error\"), c=document.getElementById(\"mc-email\"), a=new URL(window.location.href); e.addEventListener(\"submit\", (function(e){ e.preventDefault(), fetch(\"https:\/\/coffeeassoc.com\/wp-admin\/admin-ajax.php\",{ method: \"POST\", body: new URLSearchParams({ action: \"moneris_check_content_email\", product_id: a.searchParams.get(\"prod\"), key: a.searchParams.get(\"k\"), reference_no: a.searchParams.get(\"r\"), email: c.value, nonce: \"81ed2bba78\"})}).then((function(e){ e.text().then((function(c){ e.ok ? n.innerHTML=c : (t.innerText=c, t.classList.remove(\"hidden\"))}))}))}))}();\n  <\/script>","protected":false},"excerpt":{"rendered":"","protected":false},"author":4,"featured_media":0,"parent":0,"menu_order":0,"comment_status":"closed","ping_status":"closed","template":"","meta":{"_acf_changed":false,"inline_featured_image":false,"ngg_post_thumbnail":0,"footnotes":""},"class_list":["post-6333","page","type-page","status-publish","hentry"],"acf":[],"_links":{"self":[{"href":"https:\/\/coffeeassoc.com\/fr\/wp-json\/wp\/v2\/pages\/6333","targetHints":{"allow":["GET"]}}],"collection":[{"href":"https:\/\/coffeeassoc.com\/fr\/wp-json\/wp\/v2\/pages"}],"about":[{"href":"https:\/\/coffeeassoc.com\/fr\/wp-json\/wp\/v2\/types\/page"}],"author":[{"embeddable":true,"href":"https:\/\/coffeeassoc.com\/fr\/wp-json\/wp\/v2\/users\/4"}],"replies":[{"embeddable":true,"href":"https:\/\/coffeeassoc.com\/fr\/wp-json\/wp\/v2\/comments?post=6333"}],"version-history":[{"count":1,"href":"https:\/\/coffeeassoc.com\/fr\/wp-json\/wp\/v2\/pages\/6333\/revisions"}],"predecessor-version":[{"id":6334,"href":"https:\/\/coffeeassoc.com\/fr\/wp-json\/wp\/v2\/pages\/6333\/revisions\/6334"}],"wp:attachment":[{"href":"https:\/\/coffeeassoc.com\/fr\/wp-json\/wp\/v2\/media?parent=6333"}],"curies":[{"name":"wp","href":"https:\/\/api.w.org\/{rel}","templated":true}]}}