{"id":6620,"date":"2025-01-02T12:57:16","date_gmt":"2025-01-02T17:57:16","guid":{"rendered":"https:\/\/coffeeassoc.com\/?page_id=6620"},"modified":"2025-01-02T13:58:08","modified_gmt":"2025-01-02T18:58:08","slug":"2024-association-caritative-de-lannee","status":"publish","type":"page","link":"https:\/\/coffeeassoc.com\/fr\/2024-association-caritative-de-lannee\/","title":{"rendered":"Association caritative de l'ann\u00e9e 2024 : Grounds for Health"},"content":{"rendered":"<div class=\"wp-block-image\">\n<figure class=\"aligncenter size-full is-resized\"><img loading=\"lazy\" decoding=\"async\" width=\"500\" height=\"500\" src=\"https:\/\/coffeeassoc.com\/wp-content\/uploads\/2025\/01\/CAC-2024-Charity-of-the-Year-GfH.png\" alt=\"Association du caf\u00e9 du Canada 2024 \u0152uvre de bienfaisance de l&#039;ann\u00e9e : Grounds for Health\" class=\"wp-image-6641\" style=\"width:320px\" title=\"-\" srcset=\"https:\/\/coffeeassoc.com\/wp-content\/uploads\/2025\/01\/CAC-2024-Charity-of-the-Year-GfH.png 500w, https:\/\/coffeeassoc.com\/wp-content\/uploads\/2025\/01\/CAC-2024-Charity-of-the-Year-GfH-300x300.png 300w, https:\/\/coffeeassoc.com\/wp-content\/uploads\/2025\/01\/CAC-2024-Charity-of-the-Year-GfH-150x150.png 150w, https:\/\/coffeeassoc.com\/wp-content\/uploads\/2025\/01\/CAC-2024-Charity-of-the-Year-GfH-12x12.png 12w\" sizes=\"auto, (max-width: 500px) 100vw, 500px\" \/><\/figure>\n<\/div>\n\n\n<p class=\"has-medium-font-size\">En 2024, l'ACC a \u00e9t\u00e9 fi\u00e8re de souligner et de promouvoir Grounds for Health en tant qu'association caritative de l'ann\u00e9e, notamment en lui donnant l'occasion de participer \u00e0 l'exposition et de s'adresser \u00e0 la foule \u00e0 guichets ferm\u00e9s lors de notre conf\u00e9rence de novembre.<\/p>\n\n\n\n<figure class=\"wp-block-gallery has-nested-images columns-default is-cropped wp-block-gallery-1 is-layout-flex wp-block-gallery-is-layout-flex\">\n<figure class=\"wp-block-image size-full\"><img loading=\"lazy\" decoding=\"async\" width=\"1024\" height=\"643\" data-id=\"6628\" src=\"https:\/\/coffeeassoc.com\/wp-content\/uploads\/2025\/01\/Ground-for-Health-cheque-presn-CAC-2024-Conference.jpg\" alt=\"Grounds for Health re\u00e7oit le prix de l&#039;association caritative de l&#039;ann\u00e9e lors de la conf\u00e9rence annuelle de la CAC\" class=\"wp-image-6628\" title=\"-\" srcset=\"https:\/\/coffeeassoc.com\/wp-content\/uploads\/2025\/01\/Ground-for-Health-cheque-presn-CAC-2024-Conference.jpg 1024w, https:\/\/coffeeassoc.com\/wp-content\/uploads\/2025\/01\/Ground-for-Health-cheque-presn-CAC-2024-Conference-300x188.jpg 300w, https:\/\/coffeeassoc.com\/wp-content\/uploads\/2025\/01\/Ground-for-Health-cheque-presn-CAC-2024-Conference-768x482.jpg 768w, https:\/\/coffeeassoc.com\/wp-content\/uploads\/2025\/01\/Ground-for-Health-cheque-presn-CAC-2024-Conference-18x12.jpg 18w\" sizes=\"auto, (max-width: 1024px) 100vw, 1024px\" \/><\/figure>\n\n\n\n<figure class=\"wp-block-image size-full\"><img loading=\"lazy\" decoding=\"async\" width=\"1024\" height=\"683\" data-id=\"6629\" src=\"https:\/\/coffeeassoc.com\/wp-content\/uploads\/2025\/01\/Grounds-for-Health-exhibit-2024-CAC-Conference.jpg\" alt=\"L&#039;exposition &quot;Grounds for Health&quot; \u00e0 la conf\u00e9rence annuelle 2024 de la CAC\" class=\"wp-image-6629\" title=\"-\" srcset=\"https:\/\/coffeeassoc.com\/wp-content\/uploads\/2025\/01\/Grounds-for-Health-exhibit-2024-CAC-Conference.jpg 1024w, https:\/\/coffeeassoc.com\/wp-content\/uploads\/2025\/01\/Grounds-for-Health-exhibit-2024-CAC-Conference-300x200.jpg 300w, https:\/\/coffeeassoc.com\/wp-content\/uploads\/2025\/01\/Grounds-for-Health-exhibit-2024-CAC-Conference-768x512.jpg 768w, https:\/\/coffeeassoc.com\/wp-content\/uploads\/2025\/01\/Grounds-for-Health-exhibit-2024-CAC-Conference-18x12.jpg 18w\" sizes=\"auto, (max-width: 1024px) 100vw, 1024px\" \/><\/figure>\n<\/figure>\n\n\n\n<p class=\"has-medium-font-size\">Depuis plus de 27 ans, Grounds for Health travaille en partenariat avec l'industrie du caf\u00e9 de sp\u00e9cialit\u00e9 pour pr\u00e9venir le cancer du col de l'ut\u00e9rus dans les communaut\u00e9s de caf\u00e9 en Am\u00e9rique latine et en Afrique. Une femme meurt du cancer du col de l'ut\u00e9rus toutes les deux minutes, alors qu'il est tout \u00e0 fait possible de l'\u00e9viter en ayant acc\u00e8s \u00e0 des services de soins de sant\u00e9 de base. Gr\u00e2ce \u00e0 ses programmes, Grounds for Health veille \u00e0 ce que les infirmi\u00e8res, les \u00e9ducateurs sanitaires, les femmes et les familles disposent de la formation, de l'\u00e9quipement et du soutien dont ils ont besoin pour obtenir et fournir ces services.<\/p>\n\n\n\n<p><strong>Merci \u00e0 Mother Parkers Tea &amp; Coffee d'avoir commandit\u00e9 le prix de l'association caritative de l'ann\u00e9e.<\/strong><\/p>\n\n\n<div class=\"wp-block-image\">\n<figure class=\"aligncenter size-full is-resized\"><img loading=\"lazy\" decoding=\"async\" width=\"1544\" height=\"623\" src=\"https:\/\/coffeeassoc.com\/wp-content\/uploads\/2021\/09\/Mother-Parkers-Original-Logo-No-Tag.png\" alt=\"Mother Parkers | Th\u00e9 et caf\u00e9 | Est. 1912\" class=\"wp-image-4631\" style=\"width:360px\" title=\"-\" srcset=\"https:\/\/coffeeassoc.com\/wp-content\/uploads\/2021\/09\/Mother-Parkers-Original-Logo-No-Tag.png 1544w, https:\/\/coffeeassoc.com\/wp-content\/uploads\/2021\/09\/Mother-Parkers-Original-Logo-No-Tag-300x121.png 300w, https:\/\/coffeeassoc.com\/wp-content\/uploads\/2021\/09\/Mother-Parkers-Original-Logo-No-Tag-1024x413.png 1024w, https:\/\/coffeeassoc.com\/wp-content\/uploads\/2021\/09\/Mother-Parkers-Original-Logo-No-Tag-768x310.png 768w, https:\/\/coffeeassoc.com\/wp-content\/uploads\/2021\/09\/Mother-Parkers-Original-Logo-No-Tag-1536x620.png 1536w\" sizes=\"auto, (max-width: 1544px) 100vw, 1544px\" \/><\/figure>\n<\/div>\n\n<div class=\"wp-block-image\">\n<figure class=\"aligncenter size-full is-resized\"><a href=\"https:\/\/groundsforhealth.org\" target=\"_blank\" rel=\"noreferrer noopener\"><img loading=\"lazy\" decoding=\"async\" width=\"600\" height=\"230\" src=\"https:\/\/coffeeassoc.com\/wp-content\/uploads\/2024\/02\/GFH_Logo_H.png\" alt=\"Logo de Grounds for Health\" class=\"wp-image-5980\" style=\"width:560px\" title=\"-\" srcset=\"https:\/\/coffeeassoc.com\/wp-content\/uploads\/2024\/02\/GFH_Logo_H.png 600w, https:\/\/coffeeassoc.com\/wp-content\/uploads\/2024\/02\/GFH_Logo_H-300x115.png 300w\" sizes=\"auto, (max-width: 600px) 100vw, 600px\" \/><\/a><\/figure>\n<\/div>\n\n\n<p>\u00ab Grounds for Health est un choix exemplaire pour notre prix de l'association caritative de l'ann\u00e9e en raison de son impact significatif sur l'am\u00e9lioration de la sant\u00e9 des femmes dans les communaut\u00e9s productrices de caf\u00e9 \u00bb, partage Robert Carter, pr\u00e9sident de l'Association du caf\u00e9 du Canada. \u00ab Les actions concr\u00e8tes et le d\u00e9vouement plein de compassion de Grounds for Health envers les femmes des pays producteurs de caf\u00e9 ont eu des effets concrets et salvateurs sur l'un des groupes les plus marginalis\u00e9s de notre industrie. \u00bb<\/p>\n\n\n<div class=\"wp-block-image\">\n<figure class=\"alignleft size-large is-resized\"><img loading=\"lazy\" decoding=\"async\" width=\"1024\" height=\"683\" src=\"https:\/\/coffeeassoc.com\/wp-content\/uploads\/2024\/02\/IMG_1191-3-1024x683.jpg\" alt=\"-\" class=\"wp-image-5990\" style=\"width:320px\" title=\"-\" srcset=\"https:\/\/coffeeassoc.com\/wp-content\/uploads\/2024\/02\/IMG_1191-3-1024x683.jpg 1024w, https:\/\/coffeeassoc.com\/wp-content\/uploads\/2024\/02\/IMG_1191-3-300x200.jpg 300w, https:\/\/coffeeassoc.com\/wp-content\/uploads\/2024\/02\/IMG_1191-3-768x512.jpg 768w, https:\/\/coffeeassoc.com\/wp-content\/uploads\/2024\/02\/IMG_1191-3-1536x1024.jpg 1536w, https:\/\/coffeeassoc.com\/wp-content\/uploads\/2024\/02\/IMG_1191-3-scaled.jpg 1920w\" sizes=\"auto, (max-width: 1024px) 100vw, 1024px\" \/><\/figure>\n<\/div>\n\n\n<p>Les femmes sont des membres essentiels des communaut\u00e9s de caf\u00e9 et de l'industrie du caf\u00e9 de sp\u00e9cialit\u00e9. Elles fournissent la main-d'\u0153uvre dans les exploitations de caf\u00e9, dans les stations de lavage et dans les moulins \u00e0 eau; elles \u00e9l\u00e8vent les enfants et veillent \u00e0 ce qu'ils aient acc\u00e8s \u00e0 l'eau potable, aux soins de sant\u00e9 et \u00e0 l'\u00e9ducation et elles jouent un r\u00f4le essentiel dans l'adaptation au climat et la r\u00e9silience climatique. \u00c0 ce jour, Grounds for Health a d\u00e9pist\u00e9 et trait\u00e9 plus de 215 000 femmes pour pr\u00e9venir le cancer du col de l'ut\u00e9rus. En prot\u00e9geant la sant\u00e9 des femmes, Grounds for Health prot\u00e8ge \u00e9galement la sant\u00e9 et le bien-\u00eatre de la communaut\u00e9, de l'environnement et de l'industrie du caf\u00e9 dans son ensemble.<\/p>\n\n\n\n<p>\u00ab Nous sommes ravis d'avoir \u00e9t\u00e9 nomm\u00e9s la premi\u00e8re association caritative de l'ann\u00e9e par l'ACC \u00bb, partage Kyle Engelman, directeur g\u00e9n\u00e9ral de Grounds for Health. \u00ab De nombreux membres de l'ACC soutiennent Grounds for Health et nous inspirent chaque jour par leur engagement envers les agriculteurs et les femmes qui rendent cette industrie possible. Nous vous remercions pour cet honneur - nous promettons de poursuivre notre travail \u00e0 fort impact \u00e0 vos c\u00f4t\u00e9s. \u00bb<\/p>\n\n\n\n<hr class=\"wp-block-separator has-alpha-channel-opacity\"\/>\n\n\n\n<p><strong>\u00c0 propos de Grounds for Health<\/strong><\/p>\n\n\n\n<figure class=\"wp-block-image size-large\"><img loading=\"lazy\" decoding=\"async\" width=\"1024\" height=\"683\" src=\"https:\/\/coffeeassoc.com\/wp-content\/uploads\/2024\/02\/IMG_0013-1-1024x683.jpg\" alt=\"Photo d&#039;une femme que Grounds for Health a aid\u00e9e\" class=\"wp-image-5986\" title=\"-\" srcset=\"https:\/\/coffeeassoc.com\/wp-content\/uploads\/2024\/02\/IMG_0013-1-1024x683.jpg 1024w, https:\/\/coffeeassoc.com\/wp-content\/uploads\/2024\/02\/IMG_0013-1-300x200.jpg 300w, https:\/\/coffeeassoc.com\/wp-content\/uploads\/2024\/02\/IMG_0013-1-768x512.jpg 768w, https:\/\/coffeeassoc.com\/wp-content\/uploads\/2024\/02\/IMG_0013-1-1536x1024.jpg 1536w, https:\/\/coffeeassoc.com\/wp-content\/uploads\/2024\/02\/IMG_0013-1-scaled.jpg 1920w\" sizes=\"auto, (max-width: 1024px) 100vw, 1024px\" \/><\/figure>\n\n\n\n<p><a href=\"https:\/\/groundsforhealth.org\/\" target=\"_blank\" rel=\"noreferrer noopener\">Grounds for Health<\/a> est une organisation internationale \u00e0 but non lucratif, issue de l'industrie du caf\u00e9 et entretenant des liens durables avec elle, qui s'efforce d'accro\u00eetre la couverture des services de pr\u00e9vention du cancer du col de l'ut\u00e9rus.<\/p>","protected":false},"excerpt":{"rendered":"<p>En 2024, l'ACCR \u00e9tait fi\u00e8re de souligner et de promouvoir Grounds for Health en tant qu'organisme de bienfaisance de l'ann\u00e9e, notamment en lui donnant l'occasion d'exposer et de s'adresser \u00e0 la foule qui s'est pr\u00e9sent\u00e9e \u00e0 guichets ferm\u00e9s \u00e0 notre conf\u00e9rence de novembre. Depuis plus de 27 ans, Grounds for Health s'associe \u00e0 l'industrie du caf\u00e9 de sp\u00e9cialit\u00e9 pour pr\u00e9venir le cancer du col de l'ut\u00e9rus dans les communaut\u00e9s [...]<\/p>","protected":false},"author":4,"featured_media":5985,"parent":0,"menu_order":0,"comment_status":"closed","ping_status":"closed","template":"","meta":{"_acf_changed":false,"inline_featured_image":false,"ngg_post_thumbnail":0,"footnotes":""},"class_list":["post-6620","page","type-page","status-publish","has-post-thumbnail","hentry"],"acf":[],"_links":{"self":[{"href":"https:\/\/coffeeassoc.com\/fr\/wp-json\/wp\/v2\/pages\/6620","targetHints":{"allow":["GET"]}}],"collection":[{"href":"https:\/\/coffeeassoc.com\/fr\/wp-json\/wp\/v2\/pages"}],"about":[{"href":"https:\/\/coffeeassoc.com\/fr\/wp-json\/wp\/v2\/types\/page"}],"author":[{"embeddable":true,"href":"https:\/\/coffeeassoc.com\/fr\/wp-json\/wp\/v2\/users\/4"}],"replies":[{"embeddable":true,"href":"https:\/\/coffeeassoc.com\/fr\/wp-json\/wp\/v2\/comments?post=6620"}],"version-history":[{"count":10,"href":"https:\/\/coffeeassoc.com\/fr\/wp-json\/wp\/v2\/pages\/6620\/revisions"}],"predecessor-version":[{"id":6642,"href":"https:\/\/coffeeassoc.com\/fr\/wp-json\/wp\/v2\/pages\/6620\/revisions\/6642"}],"wp:featuredmedia":[{"embeddable":true,"href":"https:\/\/coffeeassoc.com\/fr\/wp-json\/wp\/v2\/media\/5985"}],"wp:attachment":[{"href":"https:\/\/coffeeassoc.com\/fr\/wp-json\/wp\/v2\/media?parent=6620"}],"curies":[{"name":"wp","href":"https:\/\/api.w.org\/{rel}","templated":true}]}}