{"id":7588,"date":"2026-02-26T11:01:43","date_gmt":"2026-02-26T16:01:43","guid":{"rendered":"https:\/\/coffeeassoc.com\/?page_id=7588"},"modified":"2026-02-26T11:01:43","modified_gmt":"2026-02-26T16:01:43","slug":"anciens-laureats","status":"publish","type":"page","link":"https:\/\/coffeeassoc.com\/fr\/recompenses\/anciens-laureats\/","title":{"rendered":"Pr\u00e9c\u00e9dents laur\u00e9ats"},"content":{"rendered":"","protected":false},"excerpt":{"rendered":"","protected":false},"author":4,"featured_media":5309,"parent":6138,"menu_order":0,"comment_status":"closed","ping_status":"closed","template":"","meta":{"_acf_changed":false,"inline_featured_image":false,"ngg_post_thumbnail":0,"footnotes":""},"class_list":["post-7588","page","type-page","status-publish","has-post-thumbnail","hentry"],"acf":[],"_links":{"self":[{"href":"https:\/\/coffeeassoc.com\/fr\/wp-json\/wp\/v2\/pages\/7588","targetHints":{"allow":["GET"]}}],"collection":[{"href":"https:\/\/coffeeassoc.com\/fr\/wp-json\/wp\/v2\/pages"}],"about":[{"href":"https:\/\/coffeeassoc.com\/fr\/wp-json\/wp\/v2\/types\/page"}],"author":[{"embeddable":true,"href":"https:\/\/coffeeassoc.com\/fr\/wp-json\/wp\/v2\/users\/4"}],"replies":[{"embeddable":true,"href":"https:\/\/coffeeassoc.com\/fr\/wp-json\/wp\/v2\/comments?post=7588"}],"version-history":[{"count":1,"href":"https:\/\/coffeeassoc.com\/fr\/wp-json\/wp\/v2\/pages\/7588\/revisions"}],"predecessor-version":[{"id":7589,"href":"https:\/\/coffeeassoc.com\/fr\/wp-json\/wp\/v2\/pages\/7588\/revisions\/7589"}],"up":[{"embeddable":true,"href":"https:\/\/coffeeassoc.com\/fr\/wp-json\/wp\/v2\/pages\/6138"}],"wp:featuredmedia":[{"embeddable":true,"href":"https:\/\/coffeeassoc.com\/fr\/wp-json\/wp\/v2\/media\/5309"}],"wp:attachment":[{"href":"https:\/\/coffeeassoc.com\/fr\/wp-json\/wp\/v2\/media?parent=7588"}],"curies":[{"name":"wp","href":"https:\/\/api.w.org\/{rel}","templated":true}]}}