{"id":7598,"date":"2026-03-04T09:14:03","date_gmt":"2026-03-04T14:14:03","guid":{"rendered":"https:\/\/coffeeassoc.com\/?page_id=7598"},"modified":"2026-03-04T09:14:25","modified_gmt":"2026-03-04T14:14:25","slug":"renouveler-ladhesion-2026","status":"publish","type":"page","link":"https:\/\/coffeeassoc.com\/fr\/renouveler-ladhesion-2026\/","title":{"rendered":"2026 Renouvellement de l'adh\u00e9sion"},"content":{"rendered":"<p>Veuillez remplir et envoyer ce formulaire pour renouveler votre adh\u00e9sion \u00e0 la CAC.<\/p>\n\n\n  <div class=\"mc-member-renew-container mc-form-container\" id=\"mc-member-renew-container\">\n    <div class=\"moneris-checkout-error hidden\" id=\"mcr-error\"><\/div>\n        <div class=\"mc-tab-content\">\n      <p class=\"mc-renew-date\">Date: 2026-04-09<\/p>\n      <form id=\"mc-member-renew\" action=\"\">\n        <div id=\"mc-form-content\">      <p>Veuillez remplir les champs o\u00f9 il y a eu des changements depuis votre dernier envoi.\n      Votre coop\u00e9ration est grandement appr\u00e9ci\u00e9e pour nous aider \u00e0 maintenir des dossiers d'adh\u00e9sion exacts.<\/p>\n    <div class=\"mcin\">\n      <label for=\"invoice\">Num\u00e9ro de facture (facultatif)<\/label>\n      <input type=\"text\" name=\"invoice\" id=\"invoice\" \/>\n    <\/div>\n    <input type=\"hidden\" name=\"type\" id=\"type\" value=\"renewal\">\n  <div class=\"mcin required\">\n    <label class=\"required\" for=\"company-name\">Nom de l'entreprise<\/label>\n    <input required type=\"text\" id=\"company-name\" name=\"company-name\" autocomplete=\"organization\">\n  <\/div>\n  <div class=\"mcin\">\n    <label for=\"street-address\">Adresse (rue)<\/label>\n    <input type=\"text\"  id=\"street-address\" name=\"street-address\" autocomplete=\"street-address\">\n  <\/div>\n  <div class=\"input-row\">\n    <div class=\"mcin input-col\">\n      <label for=\"city\">Ville<\/label>\n      <input type=\"text\"  id=\"city\" name=\"city\" autocomplete=\"address-level2\">\n    <\/div>\n    <div class=\"mcin input-col\">\n      <label for=\"province\">Prov\/\u00c9tat<\/label>\n      <input type=\"text\"  id=\"province\" name=\"province\" autocomplete=\"address-level1\">\n    <\/div>\n    <div class=\"mcin input-col\">\n      <label for=\"postcode\">Code postal<\/label>\n      <input type=\"text\"  id=\"postcode\" name=\"postcode\" autocomplete=\"postal-code\">\n    <\/div>\n  <\/div>\n  <div class=\"input-row\">\n    <div class=\"mcin input-col\">\n      <label for=\"tel\">T\u00e9l\u00e9phone g\u00e9n\u00e9ral<\/label>\n      <input  type=\"tel\" id=\"tel\" name=\"tel\" autocomplete=\"tel\">\n    <\/div>\n    <div class=\"mcin input-col\">\n      <label for=\"email\">Courriel g\u00e9n\u00e9ral<\/label>\n      <input  type=\"email\" id=\"email\" name=\"email\" autocomplete=\"email\">\n    <\/div>\n    <div class=\"mcin input-col\">\n      <label for=\"website\">Site Web<\/label>\n      <input  type=\"text\" id=\"website\" name=\"website\" autocomplete=\"url\">\n    <\/div>\n  <\/div>\n  <div class=\"input-row\">\n    <div class=\"mcin input-col\">\n      <label for=\"finance-contact\">Courriel de la personne charg\u00e9e des finances<\/label>\n      <input  type=\"text\" id=\"finance-contact\" name=\"finance-contact\">\n    <\/div>\n    <div class=\"mcin input-col\">\n      <label for=\"finance-email\">D\u00e9partement des finances Courriel<\/label>\n      <input  type=\"email\" id=\"finance-email\" name=\"finance-email\">\n    <\/div>\n  <\/div>\n  <div class=\"input-row\">\n    <div class=\"input-col mcin required\">\n      <label for=\"rep-fn\">Pr\u00e9nom du repr\u00e9sentant<\/label>\n      <input required type=\"text\" id=\"rep-fn\" name=\"rep-fn\" autocomplete=\"given-name\">\n    <\/div>\n    <div class=\"input-col mcin required\">\n      <label for=\"rep-fn\">Nom de famille<\/label>\n      <input required type=\"text\" id=\"rep-ln\" name=\"rep-ln\" autocomplete=\"family-name\">\n    <\/div>\n    <div class=\"input-col mcin required\">\n      <label for=\"rep-title\">Titre<\/label>\n      <input required type=\"text\" id=\"rep-title\" name=\"rep-title\" autocomplete=\"organization-title\">\n    <\/div>\n  <\/div>\n  <div class=\"input-row\">\n    <div class=\"input-col mcin required\">\n      <label for=\"rep-tel\">T\u00e9l\u00e9phone direct<\/label>\n      <input required type=\"tel\" id=\"rep-tel\" name=\"rep-tel\" autocomplete=\"tel\">\n    <\/div>\n    <div class=\"input-col mcin required\">\n      <label for=\"rep-email\">Courriel direct<\/label>\n      <input required type=\"email\" id=\"rep-email\" name=\"rep-email\" autocomplete=\"email\">\n    <\/div>\n  <\/div>\n  <div class=\"mcin\">\n    <label for=\"tms\">Principales marques\/services\/produits<\/label>\n    <input type=\"text\"  id=\"tms\" name=\"tms\">\n  <\/div>\n  <div class=\"input-row\">\n    <div class=\"mcin input-col\">\n      <label for=\"locations\">Sites (#)<\/label>\n      <input type=\"number\"  id=\"locations\" name=\"locations\">\n    <\/div>\n    <div class=\"mcin input-col\">\n      <label for=\"employees\">Salari\u00e9s (#)<\/label>\n      <input type=\"number\"  id=\"employees\" name=\"employees\">\n    <\/div>\n  <\/div>\n      <fieldset class=\"mcin required\">\n      <legend>Sous-cat\u00e9gorie d'adh\u00e9sion<\/legend>\n      <div>\n        <input required type=\"radio\" name=\"subcategory\" value=\"roaster\" id=\"roaster\" checked>\n        <label for=\"roaster\">Torr\u00e9facteur - Membre votant<\/label>\n        <p>Une entreprise qui est un praticien unique, un partenariat ou une soci\u00e9t\u00e9 engag\u00e9e dans le m\u00e9lange, la torr\u00e9faction, l'emballage et la distribution de caf\u00e9 au Canada et la vente au Canada,\n          la torr\u00e9faction, l'emballage et la distribution de caf\u00e9 au Canada et pour la vente au Canada<\/p>\n      <\/div>\n      <div>\n        <input required type=\"radio\" name=\"subcategory\" value=\"foodservice\" id=\"foodservice\">\n        <label for=\"foodservice\">Services alimentaires de d\u00e9tail - Membre votant<\/label>\n        <p>Une entreprise qui est un praticien unique, une soci\u00e9t\u00e9 de personnes ou une soci\u00e9t\u00e9 par actions, qui exploite des commerces de caf\u00e9 de restauration au d\u00e9tail au Canada,\n          qui effectue des ventes directes au consommateur. Les entreprises qui torr\u00e9fient du caf\u00e9 exclusivement pour le vendre (p. ex., 90%+) par l'entremise de leur propre point de vente ou par correspondance sont admissibles \u00e0 cette sous-cat\u00e9gorie de membres, selon ce qui est d\u00e9termin\u00e9.\n          Les entreprises qui torr\u00e9fient du caf\u00e9 exclusivement pour le vendre par l'interm\u00e9diaire de leur propre point de vente au d\u00e9tail ou par correspondance sont admissibles \u00e0 cette sous-cat\u00e9gorie de membres, selon ce que d\u00e9termine le conseil d'administration.<\/p>\n      <\/div>\n      <div>\n        <input required type=\"radio\" name=\"subcategory\" value=\"grocery\" id=\"grocery\">\n        <label for=\"grocery\">Commerce de d\u00e9tail - Membre votant<\/label>\n        <p>Une entreprise qui est un praticien unique, une soci\u00e9t\u00e9 de personnes ou une soci\u00e9t\u00e9 par actions, op\u00e9rant par l'interm\u00e9diaire de commerces de caf\u00e9 d'\u00e9picerie au d\u00e9tail au Canada,\n          ou qui effectue des ventes directes au consommateur, tel que d\u00e9termin\u00e9 par le Conseil.<\/p>\n      <\/div>\n      <div>\n        <input required type=\"radio\" name=\"subcategory\" value=\"importer-broker\" id=\"importer-broker\">\n        <label for=\"importer-broker\">Importateur\/courtier - Membre votant<\/label>\n        <p>Une entreprise individuelle, une soci\u00e9t\u00e9 de personnes ou une soci\u00e9t\u00e9 par actions, qui importe ou n\u00e9gocie du caf\u00e9 vert pour approvisionner\n          les torr\u00e9facteurs canadiens d\u00e9termin\u00e9s par le Conseil<\/p>\n      <\/div>\n      <div>\n        <input required type=\"radio\" name=\"subcategory\" value=\"allied\" id=\"allied\">\n        <label for=\"allied\">Alli\u00e9 - Membre votant<\/label>\n        <p>Une entreprise, qu'il s'agisse d'un praticien unique, d'une soci\u00e9t\u00e9 de personnes ou d'une soci\u00e9t\u00e9 par actions, engag\u00e9e dans toute activit\u00e9 connexe ou associ\u00e9e\n          au commerce du caf\u00e9 au Canada, \u00e0 la seule discr\u00e9tion de la Commission, sur une base interentreprises dans des domaines tels que l'emballage, l'\u00e9quipement, les services d'information, la logistique ou d'autres services similaires, tels que d\u00e9termin\u00e9s par la Commission,\n          la logistique ou d'autres services similaires d\u00e9termin\u00e9s par le Conseil.<\/p>\n      <\/div>\n      <div>\n        <input required type=\"radio\" name=\"subcategory\" value=\"grower-exporter-producer\" id=\"grower-exporter-producer\">\n        <label for=\"grower-exporter-producer\">Cultivateur\/Exportateur\/Producteur - Membre votant<\/label>\n        <p>Les entreprises ou pays impliqu\u00e9s dans la production et l'exportation de caf\u00e9 vert, tels que d\u00e9termin\u00e9s par le conseil d'administration.<\/p>\n      <\/div>\n      <div>\n        <input required type=\"radio\" name=\"subcategory\" value=\"ocs-vending\" id=\"ocs-vending\">\n        <label for=\"ocs-vending\">Caf\u00e9 aux entreprises\/distribution automatique - Membre votant<\/label>\n        <p>Une entreprise qui est un praticien unique, un partenariat ou une soci\u00e9t\u00e9, qui fournit du caf\u00e9, de l'\u00e9quipement,\n          ou des produits et services li\u00e9s au caf\u00e9 \u00e0 des bureaux, des entreprises, des usines, des \u00e9coles et d'autres lieux d\u00e9termin\u00e9s par le conseil d'administration.<\/p>\n      <\/div>\n      <div>\n                  <p> <strong>Si vous \u00eates une organisation \u00e0 but non lucratif, veuillez <a href=\"\/fr\/nous-contacter\/\">contacter notre bureau<\/a>.<\/strong>\n          <\/p>\n              <\/div>\n    <\/fieldset>\n    <h5 class=\"fee-notes-h\">Notes sur le bar\u00e8me des droits :<\/h5>\n  <p class=\"fee-notes\">\n    Le facteur d'\u00e9quivalence 3-1 est utilis\u00e9 pour les produits solubles en R&amp;G.<br>\n    Pour savoir \u00e0 quelle cat\u00e9gorie de tarifs appartient votre organisation, veuillez <a href=\"https:\/\/coffeeassoc.com\/wp-content\/plugins\/moneris-checkout-plugin\/php\/assets\/2026-Membership-Fee-Schedule.pdf\" download>t\u00e9l\u00e9charger la grille tarifaire<\/a>.\n  <\/p>\n  <div class=\"mcin required\">\n    <label for=\"fee\">Bar\u00e8me des droits Cat\u00e9gorie<\/label>\n    <select name=\"fee\" id=\"fee\" class=\"mc-select\" required>\n      <option disabled selected value=\"\">Veuillez s\u00e9lectionner la cat\u00e9gorie du bar\u00e8me d'honoraires<\/option>\n                <optgroup label=\"Roaster\">\n                          <option data-index=\"Roaster::0\" value=\"30000\">Am\u00e9rique du Nord<\/option>\n                          <option data-index=\"Roaster::1\" value=\"15000\">Nationales<\/option>\n                          <option data-index=\"Roaster::2\" value=\"7500\">R\u00e9gionale<\/option>\n                          <option data-index=\"Roaster::3\" value=\"2500\">Micro (1-10 lieux)<\/option>\n                      <\/optgroup>\n                <optgroup label=\"Retail\">\n                          <option data-index=\"Retail::0\" value=\"20000\">Am\u00e9rique du Nord<\/option>\n                          <option data-index=\"Retail::1\" value=\"10000\">25 unit\u00e9s et plus<\/option>\n                          <option data-index=\"Retail::2\" value=\"2500\">25 unit\u00e9s et moins<\/option>\n                      <\/optgroup>\n                <option data-index=\"Grocery \/ Convenience \/ Gas\" value=\"2500\">\u00c9picerie \/ D\u00e9panneurs \/ Gaz<\/option>\n                  <option data-index=\"Importer \/ Broker\" value=\"5000\">Importateur \/ Courtier<\/option>\n                  <option data-index=\"Office Coffee \/ Allied\" value=\"2500\">Caf\u00e9 de bureau \/ Alli\u00e9<\/option>\n                  <option data-index=\"Grower \/ Producer \/ Association\" value=\"1000\">Cultivateur \/ Producteur \/ Association<\/option>\n            <\/select>\n  <\/div>\n    <div class=\"computed subtotal\">\n    <span>Sous-total : <\/span>\n    <span id=\"mcr-subtotal\">$0.00<\/span>\n  <\/div>\n  <div class=\"computed hst\">\n    <span>TVH \u00e0 13 % (BN #12799 4374 RT0001) : <\/span>\n    <span id=\"mcr-hst\">$0.00<\/span>\n  <\/div>\n  <div class=\"computed total\">\n    <span>Total : <\/span>\n    <span id=\"mcr-total\">$0.00<\/span>\n  <\/div>\n  <p>S'il vous pla\u00eet <a href=\"https:\/\/coffeeassoc.com\/wp-content\/plugins\/moneris-checkout-plugin\/php\/assets\/Consolidated-CAC-by-law-2025-07-16.pdf\" target=\"_blank\">consulter notre r\u00e8glement int\u00e9rieur<\/a> avant de soumettre votre demande.<\/p>\n  <div class=\"mcin required\">\n    <input required type=\"checkbox\" value=\"checked\" name=\"bylaws\" id=\"bylaws\" \/>\n    <label for=\"bylaws\">J'ai lu et j'accepte le r\u00e8glement int\u00e9rieur du CCC.<\/label>\n  <\/div>\n      <p>Les paiements sup\u00e9rieurs \u00e0 $15 000 peuvent \u00eatre effectu\u00e9s par EFT, E-Transfer ou par ch\u00e8que.<\/p>\n    <div class=\"mcin required\">\n      <label for=\"payment-method\">Mode de paiement<\/label>\n      <select id=\"payment-method\" name=\"payment-method\" class=\"mc-select\" required>\n        <option value=\"creditcard\" selected>Carte de cr\u00e9dit<\/option>\n      <\/select>\n    <\/div>\n\t\t<div id=\"cf-turnstile-1469951040\"\r\n\t\tclass=\"cf-turnstile\" data-callback=\"\"\t\tdata-sitekey=\"0x4AAAAAABlfusJIB8o60b2i\"\r\n\t\tdata-theme=\"light\"\r\n\t\tdata-language=\"auto\"\r\n\t\tdata-size=\"normal\"\r\n\t\tdata-retry=\"auto\" data-retry-interval=\"1000\"\r\n\t\tdata-refresh-expired=\"auto\"\r\n\t\tdata-action=\"mc-renewal\"\r\n\t\t\t\tdata-appearance=\"interaction-only\"><\/div>\r\n\t\t\t<script>document.addEventListener(\"DOMContentLoaded\", function() { setTimeout(function(){ var e=document.getElementById(\"cf-turnstile-1469951040\"); e&&!e.innerHTML.trim()&&(turnstile.remove(\"#cf-turnstile-1469951040\"), turnstile.render(\"#cf-turnstile-1469951040\", {sitekey:\"0x4AAAAAABlfusJIB8o60b2i\"})); }, 100); });<\/script>\r\n\t\t\t<style>#cf-turnstile-1469951040 iframe { margin-bottom: 15px; }<\/style>\r\n\t\t\t\t<style>#cf-turnstile-1469951040 { margin-left: -15px; }<\/style>\r\n\t\t<\/div>\n        <button type=\"submit\" class=\"mc-button\">Soumettre<\/button>\n      <input type=\"hidden\" name=\"trp-form-language\" value=\"fr\"\/><\/form>\n    <\/div>\n    <div id=\"monerisCheckout\"><\/div>\n  <\/div>","protected":false},"excerpt":{"rendered":"<p>Veuillez remplir et envoyer ce formulaire pour renouveler votre adh\u00e9sion \u00e0 la CAC.<\/p>","protected":false},"author":4,"featured_media":0,"parent":0,"menu_order":0,"comment_status":"closed","ping_status":"closed","template":"","meta":{"_acf_changed":false,"inline_featured_image":false,"ngg_post_thumbnail":0,"footnotes":""},"class_list":["post-7598","page","type-page","status-publish","hentry"],"acf":[],"_links":{"self":[{"href":"https:\/\/coffeeassoc.com\/fr\/wp-json\/wp\/v2\/pages\/7598","targetHints":{"allow":["GET"]}}],"collection":[{"href":"https:\/\/coffeeassoc.com\/fr\/wp-json\/wp\/v2\/pages"}],"about":[{"href":"https:\/\/coffeeassoc.com\/fr\/wp-json\/wp\/v2\/types\/page"}],"author":[{"embeddable":true,"href":"https:\/\/coffeeassoc.com\/fr\/wp-json\/wp\/v2\/users\/4"}],"replies":[{"embeddable":true,"href":"https:\/\/coffeeassoc.com\/fr\/wp-json\/wp\/v2\/comments?post=7598"}],"version-history":[{"count":1,"href":"https:\/\/coffeeassoc.com\/fr\/wp-json\/wp\/v2\/pages\/7598\/revisions"}],"predecessor-version":[{"id":7599,"href":"https:\/\/coffeeassoc.com\/fr\/wp-json\/wp\/v2\/pages\/7598\/revisions\/7599"}],"wp:attachment":[{"href":"https:\/\/coffeeassoc.com\/fr\/wp-json\/wp\/v2\/media?parent=7598"}],"curies":[{"name":"wp","href":"https:\/\/api.w.org\/{rel}","templated":true}]}}